{"id":690,"date":"2019-06-07T12:06:16","date_gmt":"2019-06-07T12:06:16","guid":{"rendered":"https:\/\/grafitejo.pt\/?page_id=690"},"modified":"2019-06-12T16:41:30","modified_gmt":"2019-06-12T16:41:30","slug":"offset","status":"publish","type":"page","link":"https:\/\/grafitejo.pt\/index.php\/offset\/","title":{"rendered":"Offset"},"content":{"rendered":"<p>[et_pb_section fb_built=&#8221;1&#8243; _builder_version=&#8221;3.24&#8243;][et_pb_row _builder_version=&#8221;3.24&#8243;][et_pb_column type=&#8221;4_4&#8243; _builder_version=&#8221;3.24&#8243;][et_pb_text _builder_version=&#8221;3.24&#8243;]<\/p>\n<h1><strong>Offset<\/strong><\/h1>\n<h2 class=\"wsite-content-title\"><span style=\"color: #626262; font-size: medium;\">\u00c9 um tipo de impress\u00e3o que permite e garante qualidade conseguindo reduzir os valores de or\u00e7amento de cada trabalho pelo facto de este tipo de impress\u00e3o estar preparado para grandes tiragens.<br \/>Dedicamo-nos a executar todo o tipo de trabalho, nomeadamente economato (cart\u00f5es, papel timprado, envelopes), cat\u00e1logos, flyers, cartazes, capas, folhetos, brochuras, revistas, convites, calend\u00e1rios e artigos comerciais\/fiscais (faturas, recibos, guias de transporte, etc.).<\/span><\/h2>\n<p>[\/et_pb_text][\/et_pb_column][\/et_pb_row][\/et_pb_section]<\/p>\n","protected":false},"excerpt":{"rendered":"<p>[et_pb_section fb_built=&#8221;1&#8243; _builder_version=&#8221;3.24&#8243;][et_pb_row _builder_version=&#8221;3.24&#8243;][et_pb_column type=&#8221;4_4&#8243; _builder_version=&#8221;3.24&#8243;][et_pb_text _builder_version=&#8221;3.24&#8243;] Offset \u00c9 um tipo de impress\u00e3o que permite e garante qualidade conseguindo reduzir os valores de or\u00e7amento de cada trabalho pelo facto de este tipo de impress\u00e3o estar preparado para grandes tiragens.Dedicamo-nos a executar todo o tipo de trabalho, nomeadamente economato (cart\u00f5es, papel timprado, envelopes), cat\u00e1logos, flyers, cartazes, [&hellip;]<\/p>\n","protected":false},"author":1,"featured_media":0,"parent":0,"menu_order":0,"comment_status":"closed","ping_status":"closed","template":"","meta":{"_et_pb_use_builder":"on","_et_pb_old_content":"","_et_gb_content_width":"","footnotes":""},"class_list":["post-690","page","type-page","status-publish","hentry"],"_links":{"self":[{"href":"https:\/\/grafitejo.pt\/index.php\/wp-json\/wp\/v2\/pages\/690","targetHints":{"allow":["GET"]}}],"collection":[{"href":"https:\/\/grafitejo.pt\/index.php\/wp-json\/wp\/v2\/pages"}],"about":[{"href":"https:\/\/grafitejo.pt\/index.php\/wp-json\/wp\/v2\/types\/page"}],"author":[{"embeddable":true,"href":"https:\/\/grafitejo.pt\/index.php\/wp-json\/wp\/v2\/users\/1"}],"replies":[{"embeddable":true,"href":"https:\/\/grafitejo.pt\/index.php\/wp-json\/wp\/v2\/comments?post=690"}],"version-history":[{"count":4,"href":"https:\/\/grafitejo.pt\/index.php\/wp-json\/wp\/v2\/pages\/690\/revisions"}],"predecessor-version":[{"id":1206,"href":"https:\/\/grafitejo.pt\/index.php\/wp-json\/wp\/v2\/pages\/690\/revisions\/1206"}],"wp:attachment":[{"href":"https:\/\/grafitejo.pt\/index.php\/wp-json\/wp\/v2\/media?parent=690"}],"curies":[{"name":"wp","href":"https:\/\/api.w.org\/{rel}","templated":true}]}}