{"id":693,"date":"2019-06-07T12:07:34","date_gmt":"2019-06-07T12:07:34","guid":{"rendered":"https:\/\/grafitejo.pt\/?page_id=693"},"modified":"2019-06-12T16:37:41","modified_gmt":"2019-06-12T16:37:41","slug":"impressao-digital","status":"publish","type":"page","link":"https:\/\/grafitejo.pt\/index.php\/impressao-digital\/","title":{"rendered":"Impress\u00e3o Digital"},"content":{"rendered":"<p>[et_pb_section fb_built=&#8221;1&#8243; _builder_version=&#8221;3.24&#8243;][et_pb_row _builder_version=&#8221;3.24&#8243;][et_pb_column type=&#8221;4_4&#8243; _builder_version=&#8221;3.24&#8243;][et_pb_text _builder_version=&#8221;3.24&#8243;]<\/p>\n<h1><strong>Impress\u00e3o Digital<\/strong><\/h1>\n<p>Com a evolu\u00e7\u00e3o do Mercado e de novas tecnologia, a Grafitejo instalou uma nova m\u00e1quina de impress\u00e3o digital abrangendo assim o Mercado de curtas tiragens. Com esta solu\u00e7\u00e3o pretendemos oferecer um servi\u00e7o complementar com maior rapidez e de baixo custo para pequenas quantidades ou impress\u00e3o individualizada.<br \/>Exemplos: Banner, Roll-ups, Cartaz, Flyer, brochura, cat\u00e1logo, poster, revista, folheto, convites, etc.<\/p>\n<p>[\/et_pb_text][\/et_pb_column][\/et_pb_row][\/et_pb_section]<\/p>\n","protected":false},"excerpt":{"rendered":"<p>[et_pb_section fb_built=&#8221;1&#8243; _builder_version=&#8221;3.24&#8243;][et_pb_row _builder_version=&#8221;3.24&#8243;][et_pb_column type=&#8221;4_4&#8243; _builder_version=&#8221;3.24&#8243;][et_pb_text _builder_version=&#8221;3.24&#8243;] Impress\u00e3o Digital Com a evolu\u00e7\u00e3o do Mercado e de novas tecnologia, a Grafitejo instalou uma nova m\u00e1quina de impress\u00e3o digital abrangendo assim o Mercado de curtas tiragens. Com esta solu\u00e7\u00e3o pretendemos oferecer um servi\u00e7o complementar com maior rapidez e de baixo custo para pequenas quantidades ou impress\u00e3o individualizada.Exemplos: [&hellip;]<\/p>\n","protected":false},"author":1,"featured_media":0,"parent":0,"menu_order":0,"comment_status":"closed","ping_status":"closed","template":"","meta":{"_et_pb_use_builder":"on","_et_pb_old_content":"","_et_gb_content_width":"","footnotes":""},"class_list":["post-693","page","type-page","status-publish","hentry"],"_links":{"self":[{"href":"https:\/\/grafitejo.pt\/index.php\/wp-json\/wp\/v2\/pages\/693","targetHints":{"allow":["GET"]}}],"collection":[{"href":"https:\/\/grafitejo.pt\/index.php\/wp-json\/wp\/v2\/pages"}],"about":[{"href":"https:\/\/grafitejo.pt\/index.php\/wp-json\/wp\/v2\/types\/page"}],"author":[{"embeddable":true,"href":"https:\/\/grafitejo.pt\/index.php\/wp-json\/wp\/v2\/users\/1"}],"replies":[{"embeddable":true,"href":"https:\/\/grafitejo.pt\/index.php\/wp-json\/wp\/v2\/comments?post=693"}],"version-history":[{"count":2,"href":"https:\/\/grafitejo.pt\/index.php\/wp-json\/wp\/v2\/pages\/693\/revisions"}],"predecessor-version":[{"id":1200,"href":"https:\/\/grafitejo.pt\/index.php\/wp-json\/wp\/v2\/pages\/693\/revisions\/1200"}],"wp:attachment":[{"href":"https:\/\/grafitejo.pt\/index.php\/wp-json\/wp\/v2\/media?parent=693"}],"curies":[{"name":"wp","href":"https:\/\/api.w.org\/{rel}","templated":true}]}}