{"id":695,"date":"2019-06-07T12:08:30","date_gmt":"2019-06-07T12:08:30","guid":{"rendered":"https:\/\/grafitejo.pt\/?page_id=695"},"modified":"2019-06-12T16:42:17","modified_gmt":"2019-06-12T16:42:17","slug":"convites","status":"publish","type":"page","link":"https:\/\/grafitejo.pt\/index.php\/convites\/","title":{"rendered":"Convites"},"content":{"rendered":"<p>[et_pb_section fb_built=&#8221;1&#8243; _builder_version=&#8221;3.24&#8243;][et_pb_row _builder_version=&#8221;3.24&#8243;][et_pb_column type=&#8221;4_4&#8243; _builder_version=&#8221;3.24&#8243;][et_pb_text _builder_version=&#8221;3.24&#8243;]<\/p>\n<h1><strong>Convites<\/strong><\/h1>\n<p>O gosto pela celebra\u00e7\u00e3o e a possibilidade de criar algo diferente conjugando materiais diversos, fez com que aos poucos, come\u00e7assemos a expander horizontes para projectos que sempre gost\u00e1mos de desenvolver, como a cria\u00e7\u00e3o de convites de casamento, batizado, anivers\u00e1rios, festas.<br \/>Para todos os convites, poder\u00e1 ser feito todo o tipo de pe\u00e7as desejadas para o evento: convite, envelope, cart\u00e3o de visita, missal, placard com lista de mesas, marcador de mesas, Ementa, etiquetas para ofertas, autocolante vinil para decorar o espa\u00e7o, etc.<\/p>\n<p>[\/et_pb_text][\/et_pb_column][\/et_pb_row][\/et_pb_section]<\/p>\n","protected":false},"excerpt":{"rendered":"<p>[et_pb_section fb_built=&#8221;1&#8243; _builder_version=&#8221;3.24&#8243;][et_pb_row _builder_version=&#8221;3.24&#8243;][et_pb_column type=&#8221;4_4&#8243; _builder_version=&#8221;3.24&#8243;][et_pb_text _builder_version=&#8221;3.24&#8243;] Convites O gosto pela celebra\u00e7\u00e3o e a possibilidade de criar algo diferente conjugando materiais diversos, fez com que aos poucos, come\u00e7assemos a expander horizontes para projectos que sempre gost\u00e1mos de desenvolver, como a cria\u00e7\u00e3o de convites de casamento, batizado, anivers\u00e1rios, festas.Para todos os convites, poder\u00e1 ser feito todo [&hellip;]<\/p>\n","protected":false},"author":1,"featured_media":0,"parent":0,"menu_order":0,"comment_status":"closed","ping_status":"closed","template":"","meta":{"_et_pb_use_builder":"on","_et_pb_old_content":"<!-- wp:divi\/placeholder \/-->","_et_gb_content_width":"","footnotes":""},"class_list":["post-695","page","type-page","status-publish","hentry"],"_links":{"self":[{"href":"https:\/\/grafitejo.pt\/index.php\/wp-json\/wp\/v2\/pages\/695","targetHints":{"allow":["GET"]}}],"collection":[{"href":"https:\/\/grafitejo.pt\/index.php\/wp-json\/wp\/v2\/pages"}],"about":[{"href":"https:\/\/grafitejo.pt\/index.php\/wp-json\/wp\/v2\/types\/page"}],"author":[{"embeddable":true,"href":"https:\/\/grafitejo.pt\/index.php\/wp-json\/wp\/v2\/users\/1"}],"replies":[{"embeddable":true,"href":"https:\/\/grafitejo.pt\/index.php\/wp-json\/wp\/v2\/comments?post=695"}],"version-history":[{"count":4,"href":"https:\/\/grafitejo.pt\/index.php\/wp-json\/wp\/v2\/pages\/695\/revisions"}],"predecessor-version":[{"id":1208,"href":"https:\/\/grafitejo.pt\/index.php\/wp-json\/wp\/v2\/pages\/695\/revisions\/1208"}],"wp:attachment":[{"href":"https:\/\/grafitejo.pt\/index.php\/wp-json\/wp\/v2\/media?parent=695"}],"curies":[{"name":"wp","href":"https:\/\/api.w.org\/{rel}","templated":true}]}}