{"id":710,"date":"2019-06-07T13:46:52","date_gmt":"2019-06-07T13:46:52","guid":{"rendered":"https:\/\/grafitejo.pt\/?page_id=710"},"modified":"2019-08-27T17:19:14","modified_gmt":"2019-08-27T17:19:14","slug":"sobre-nos","status":"publish","type":"page","link":"https:\/\/grafitejo.pt\/index.php\/sobre-nos\/","title":{"rendered":"Sobre N\u00f3s"},"content":{"rendered":"<p>[et_pb_section fb_built=&#8221;1&#8243; custom_padding_last_edited=&#8221;off|desktop&#8221; admin_label=&#8221;Header Section&#8221; _builder_version=&#8221;3.24&#8243; use_background_color_gradient=&#8221;on&#8221; background_color_gradient_start=&#8221;#ffffff&#8221; background_color_gradient_end=&#8221;rgba(255,255,255,0)&#8221; background_color_gradient_overlays_image=&#8221;on&#8221; background_image=&#8221;https:\/\/grafitejo.pt\/wp-content\/uploads\/2019\/06\/offset-printing-3862769_1920-1.jpg&#8221; box_shadow_style=&#8221;preset7&#8243; box_shadow_horizontal=&#8221;0px&#8221; box_shadow_vertical=&#8221;-180px&#8221; box_shadow_color=&#8221;#f9f9f9&#8243; custom_padding=&#8221;8%|0px||0px&#8221; custom_padding_tablet=&#8221;320px|0px|0px|0px&#8221;][et_pb_row admin_label=&#8221;Header Row&#8221; _builder_version=&#8221;3.22.3&#8243;][et_pb_column type=&#8221;4_4&#8243; _builder_version=&#8221;3.0.47&#8243;][et_pb_image src=&#8221;https:\/\/grafitejo.pt\/wp-content\/uploads\/2019\/06\/logo-horizontal@3x.png&#8221; _builder_version=&#8221;3.24&#8243;][\/et_pb_image][\/et_pb_column][\/et_pb_row][\/et_pb_section][et_pb_section fb_built=&#8221;1&#8243; admin_label=&#8221;About Us Section&#8221; _builder_version=&#8221;3.22.3&#8243; background_color=&#8221;#e5e9ec&#8221; use_background_color_gradient=&#8221;on&#8221; background_color_gradient_start=&#8221;#f9f9f9&#8243; background_color_gradient_end=&#8221;#e5e9ec&#8221; background_color_gradient_end_position=&#8221;53%&#8221; background_color_gradient_overlays_image=&#8221;on&#8221; background_position=&#8221;bottom_center&#8221; custom_padding=&#8221;100px|0px|100px|0px&#8221;][et_pb_row custom_padding=&#8221;|||&#8221; admin_label=&#8221;Introduction Header Row&#8221; _builder_version=&#8221;3.22.3&#8243;][et_pb_column type=&#8221;4_4&#8243; _builder_version=&#8221;3.0.47&#8243;][et_pb_text _builder_version=&#8221;3.24&#8243; text_font=&#8221;Open Sans|600|||||||&#8221; text_font_size=&#8221;16px&#8221; text_line_height=&#8221;1.8em&#8221; header_font=&#8221;||||||||&#8221; header_2_font=&#8221;Oswald|||on|||||&#8221; header_2_font_size=&#8221;45px&#8221; header_2_letter_spacing=&#8221;3px&#8221; header_2_line_height=&#8221;1.4em&#8221; text_orientation=&#8221;center&#8221; max_width=&#8221;700px&#8221; module_alignment=&#8221;center&#8221; custom_margin=&#8221;|||&#8221; custom_margin_tablet=&#8221;0px|||&#8221; custom_margin_phone=&#8221;|||&#8221; custom_margin_last_edited=&#8221;on|phone&#8221;]<\/p>\n<h2>DESDE 1997<\/h2>\n<p>[\/et_pb_text][\/et_pb_column][\/et_pb_row][et_pb_row custom_padding=&#8221;100px|0px|27px|0px&#8221; admin_label=&#8221;Introduction Row&#8221; _builder_version=&#8221;3.22.3&#8243;][et_pb_column type=&#8221;4_4&#8243; _builder_version=&#8221;3.0.47&#8243;][et_pb_text admin_label=&#8221;Paragraph&#8221; _builder_version=&#8221;3.24&#8243; text_font=&#8221;Open Sans|600|||||||&#8221; text_font_size=&#8221;16px&#8221; text_line_height=&#8221;1.8em&#8221; header_font=&#8221;||||||||&#8221; header_2_font=&#8221;Oswald|||on|||||&#8221; header_2_text_color=&#8221;#000000&#8243; header_2_font_size=&#8221;45px&#8221; header_2_letter_spacing=&#8221;3px&#8221; header_2_line_height=&#8221;1.4em&#8221; module_alignment=&#8221;center&#8221; custom_margin=&#8221;|||&#8221; custom_margin_tablet=&#8221;0px|||&#8221; custom_margin_phone=&#8221;|||&#8221; custom_margin_last_edited=&#8221;off|desktop&#8221;]<\/p>\n<p>Fundada em 1997, a Grafitejo \u00e9 uma empresa sediada no Conselho do Seixal, com uma vasta experi\u00eancia no ramo das Artes Gr\u00e1ficas, prestando servi\u00e7os de pr\u00e9-impress\u00e3o, design gr\u00e1fico, impress\u00e3o digital, offset e letterpress tipografia tradicional, acabamento, carimbos, decora\u00e7\u00e3o em vinil de montras, interiores e viaturas, estampagem textil e brindes publicit\u00e1rios.<\/p>\n<p>Ao longo destes anos construimos uma traget\u00f3ria ascendente na qual foi poss\u00edvel criar um portfolio competente e uma rela\u00e7\u00e3o de confian\u00e7a e prest\u00edgio junto dos nossos parceiros e clientes.<\/p>\n<p>As tecnologias est\u00e3o em constante mudan\u00e7a e os meios em que a publicidade se difunde, tamb\u00e9m v\u00e3o mudando. Neste sentido, a Grafitejo tem vindo a investirem novos equipamentos, para poder oferecer uma gama de servi\u00e7os cada vez maior.<\/p>\n<p>Os clientes s\u00e3o a nossa fonte de inspira\u00e7\u00e3o. S\u00e3o eles que nos motivam a fazer cada vez mais e melhor o nosso trabalho.<br \/>Gratos pela confian\u00e7a e pela prefer\u00eancia!<\/p>\n<p><strong><span class=\"texto_home\">Vis\u00e3o<br \/><\/span><\/strong>Sermos o parceiro de refer\u00eancia a n\u00edvel regional, ajudando a aumentar a visibilidade e o posicionamento de mercado dos nossos clientes.<\/p>\n<div><strong>Miss\u00e3o<\/strong><\/div>\n<div><span class=\"texto_home\">Promover e valorizar a imagem dos nossos clientes, acompanhando as exig\u00eancias do mercado, com empenho e profissionalismo procurando a satisfa\u00e7\u00e3o e fideliza\u00e7\u00e3o dos nossos clientes.<\/span><\/div>\n<div><span class=\"texto_home\">\u00a0<\/span><\/div>\n<div>\n<div>\n<div><strong>Valores<\/strong><\/div>\n<div>\u00c9tica, Confian\u00e7a, Compet\u00eancia e Efici\u00eancia.\u00a0<span style=\"font-size: 16px;\">Promovemos a integridade e a confian\u00e7a em todas as rela\u00e7\u00f5es, assumindo os nossos compromissos de forma a colocar o nosso cliente sempre em primeiro lugar.<\/span><\/div>\n<\/div>\n<\/div>\n<p>[\/et_pb_text][\/et_pb_column][\/et_pb_row][\/et_pb_section][et_pb_section fb_built=&#8221;1&#8243; _builder_version=&#8221;3.22.3&#8243; background_color=&#8221;#e9edf0&#8243; custom_padding=&#8221;100px|0px|100px|0px&#8221;][et_pb_row custom_padding=&#8221;|||&#8221; custom_margin=&#8221;|||&#8221; admin_label=&#8221;Info Row&#8221; _builder_version=&#8221;3.22.3&#8243; locked=&#8221;off&#8221;][et_pb_column type=&#8221;1_4&#8243; _builder_version=&#8221;3.0.47&#8243;][et_pb_number_counter title=&#8221;LOJAS&#8221; number=&#8221;2&#8243; percent_sign=&#8221;off&#8221; admin_label=&#8221;Info&#8221; _builder_version=&#8221;3.24&#8243; title_level=&#8221;h6&#8243; title_font=&#8221;Oswald|||on|||||&#8221; title_text_color=&#8221;rgba(0,0,0,0.4)&#8221; title_font_size=&#8221;16px&#8221; title_letter_spacing=&#8221;2px&#8221; title_line_height=&#8221;1.4em&#8221; number_font=&#8221;Oswald||||||||&#8221; number_text_color=&#8221;#000000&#8243; number_font_size=&#8221;45px&#8221; number_line_height=&#8221;1.4em&#8221; animation_style=&#8221;zoom&#8221; animation_intensity_zoom=&#8221;10%&#8221;][\/et_pb_number_counter][\/et_pb_column][et_pb_column type=&#8221;1_4&#8243; _builder_version=&#8221;3.0.47&#8243;][et_pb_number_counter title=&#8221;M\u00c1QUINAS DE IMPRESS\u00c3O&#8221; number=&#8221;10&#8243; percent_sign=&#8221;off&#8221; admin_label=&#8221;Info&#8221; _builder_version=&#8221;3.24&#8243; title_level=&#8221;h6&#8243; title_font=&#8221;Oswald|||on|||||&#8221; title_text_color=&#8221;rgba(0,0,0,0.4)&#8221; title_font_size=&#8221;16px&#8221; title_letter_spacing=&#8221;2px&#8221; title_line_height=&#8221;1.4em&#8221; number_font=&#8221;Oswald||||||||&#8221; number_text_color=&#8221;#000000&#8243; number_font_size=&#8221;45px&#8221; number_line_height=&#8221;1.4em&#8221; animation_style=&#8221;zoom&#8221; animation_delay=&#8221;100ms&#8221; animation_intensity_zoom=&#8221;10%&#8221;][\/et_pb_number_counter][\/et_pb_column][et_pb_column type=&#8221;1_4&#8243; _builder_version=&#8221;3.0.47&#8243;][et_pb_number_counter title=&#8221;DESDE&#8221; number=&#8221;1997&#8243; percent_sign=&#8221;off&#8221; admin_label=&#8221;Info&#8221; _builder_version=&#8221;3.24&#8243; title_level=&#8221;h6&#8243; title_font=&#8221;Oswald|||on|||||&#8221; title_text_color=&#8221;rgba(0,0,0,0.4)&#8221; title_font_size=&#8221;16px&#8221; title_letter_spacing=&#8221;2px&#8221; title_line_height=&#8221;1.4em&#8221; number_font=&#8221;Oswald||||||||&#8221; number_text_color=&#8221;#000000&#8243; number_font_size=&#8221;45px&#8221; number_line_height=&#8221;1.4em&#8221; animation_style=&#8221;zoom&#8221; animation_delay=&#8221;200ms&#8221; animation_intensity_zoom=&#8221;10%&#8221;][\/et_pb_number_counter][\/et_pb_column][et_pb_column type=&#8221;1_4&#8243; _builder_version=&#8221;3.0.47&#8243;][et_pb_number_counter title=&#8221;Clientes Satisfeitos&#8221; number=&#8221;100%&#8221; admin_label=&#8221;Info&#8221; _builder_version=&#8221;3.24&#8243; title_level=&#8221;h6&#8243; title_font=&#8221;Oswald|||on|||||&#8221; title_text_color=&#8221;rgba(0,0,0,0.4)&#8221; title_font_size=&#8221;16px&#8221; title_letter_spacing=&#8221;2px&#8221; title_line_height=&#8221;1.4em&#8221; number_font=&#8221;Oswald||||||||&#8221; number_text_color=&#8221;#000000&#8243; number_font_size=&#8221;45px&#8221; number_line_height=&#8221;1.4em&#8221; animation_style=&#8221;zoom&#8221; animation_delay=&#8221;300ms&#8221; animation_intensity_zoom=&#8221;10%&#8221;][\/et_pb_number_counter][\/et_pb_column][\/et_pb_row][\/et_pb_section]<\/p>\n","protected":false},"excerpt":{"rendered":"<p>[et_pb_section fb_built=&#8221;1&#8243; custom_padding_last_edited=&#8221;off|desktop&#8221; admin_label=&#8221;Header Section&#8221; _builder_version=&#8221;3.24&#8243; use_background_color_gradient=&#8221;on&#8221; background_color_gradient_start=&#8221;#ffffff&#8221; background_color_gradient_end=&#8221;rgba(255,255,255,0)&#8221; background_color_gradient_overlays_image=&#8221;on&#8221; background_image=&#8221;https:\/\/grafitejo.pt\/wp-content\/uploads\/2019\/06\/offset-printing-3862769_1920-1.jpg&#8221; box_shadow_style=&#8221;preset7&#8243; box_shadow_horizontal=&#8221;0px&#8221; box_shadow_vertical=&#8221;-180px&#8221; box_shadow_color=&#8221;#f9f9f9&#8243; custom_padding=&#8221;8%|0px||0px&#8221; custom_padding_tablet=&#8221;320px|0px|0px|0px&#8221;][et_pb_row admin_label=&#8221;Header Row&#8221; _builder_version=&#8221;3.22.3&#8243;][et_pb_column type=&#8221;4_4&#8243; _builder_version=&#8221;3.0.47&#8243;][et_pb_image src=&#8221;https:\/\/grafitejo.pt\/wp-content\/uploads\/2019\/06\/logo-horizontal@3x.png&#8221; _builder_version=&#8221;3.24&#8243;][\/et_pb_image][\/et_pb_column][\/et_pb_row][\/et_pb_section][et_pb_section fb_built=&#8221;1&#8243; admin_label=&#8221;About Us Section&#8221; _builder_version=&#8221;3.22.3&#8243; background_color=&#8221;#e5e9ec&#8221; use_background_color_gradient=&#8221;on&#8221; background_color_gradient_start=&#8221;#f9f9f9&#8243; background_color_gradient_end=&#8221;#e5e9ec&#8221; background_color_gradient_end_position=&#8221;53%&#8221; background_color_gradient_overlays_image=&#8221;on&#8221; background_position=&#8221;bottom_center&#8221; custom_padding=&#8221;100px|0px|100px|0px&#8221;][et_pb_row custom_padding=&#8221;|||&#8221; admin_label=&#8221;Introduction Header Row&#8221; _builder_version=&#8221;3.22.3&#8243;][et_pb_column type=&#8221;4_4&#8243; _builder_version=&#8221;3.0.47&#8243;][et_pb_text _builder_version=&#8221;3.24&#8243; text_font=&#8221;Open Sans|600|||||||&#8221; text_font_size=&#8221;16px&#8221; text_line_height=&#8221;1.8em&#8221; header_font=&#8221;||||||||&#8221; header_2_font=&#8221;Oswald|||on|||||&#8221; header_2_font_size=&#8221;45px&#8221; header_2_letter_spacing=&#8221;3px&#8221; header_2_line_height=&#8221;1.4em&#8221; text_orientation=&#8221;center&#8221; [&hellip;]<\/p>\n","protected":false},"author":1,"featured_media":0,"parent":0,"menu_order":0,"comment_status":"closed","ping_status":"closed","template":"","meta":{"_et_pb_use_builder":"on","_et_pb_old_content":"<!-- wp:divi\/placeholder \/-->","_et_gb_content_width":"","footnotes":""},"class_list":["post-710","page","type-page","status-publish","hentry"],"_links":{"self":[{"href":"https:\/\/grafitejo.pt\/index.php\/wp-json\/wp\/v2\/pages\/710","targetHints":{"allow":["GET"]}}],"collection":[{"href":"https:\/\/grafitejo.pt\/index.php\/wp-json\/wp\/v2\/pages"}],"about":[{"href":"https:\/\/grafitejo.pt\/index.php\/wp-json\/wp\/v2\/types\/page"}],"author":[{"embeddable":true,"href":"https:\/\/grafitejo.pt\/index.php\/wp-json\/wp\/v2\/users\/1"}],"replies":[{"embeddable":true,"href":"https:\/\/grafitejo.pt\/index.php\/wp-json\/wp\/v2\/comments?post=710"}],"version-history":[{"count":37,"href":"https:\/\/grafitejo.pt\/index.php\/wp-json\/wp\/v2\/pages\/710\/revisions"}],"predecessor-version":[{"id":2079,"href":"https:\/\/grafitejo.pt\/index.php\/wp-json\/wp\/v2\/pages\/710\/revisions\/2079"}],"wp:attachment":[{"href":"https:\/\/grafitejo.pt\/index.php\/wp-json\/wp\/v2\/media?parent=710"}],"curies":[{"name":"wp","href":"https:\/\/api.w.org\/{rel}","templated":true}]}}