{"id":714,"date":"2019-06-07T13:48:04","date_gmt":"2019-06-07T13:48:04","guid":{"rendered":"https:\/\/grafitejo.pt\/?page_id=714"},"modified":"2019-06-12T15:45:36","modified_gmt":"2019-06-12T15:45:36","slug":"loja","status":"publish","type":"page","link":"https:\/\/grafitejo.pt\/index.php\/loja\/","title":{"rendered":"Loja Online"},"content":{"rendered":"<p>[et_pb_section fb_built=&#8221;1&#8243; admin_label=&#8221;Products Section&#8221; _builder_version=&#8221;3.22.3&#8243; custom_padding=&#8221;120px|0px|120px|0px&#8221;][et_pb_row admin_label=&#8221;Contact Us Row&#8221; _builder_version=&#8221;3.22.3&#8243; locked=&#8221;off&#8221;][et_pb_column type=&#8221;4_4&#8243; _builder_version=&#8221;3.0.47&#8243;][et_pb_text _builder_version=&#8221;3.0.100&#8243; text_font=&#8221;Open Sans|600|||||||&#8221; text_font_size=&#8221;16px&#8221; text_line_height=&#8221;1.8em&#8221; header_font=&#8221;||||||||&#8221; header_2_font=&#8221;Oswald|||on|||||&#8221; header_2_font_size=&#8221;45px&#8221; header_2_letter_spacing=&#8221;3px&#8221; header_2_line_height=&#8221;1.4em&#8221; text_orientation=&#8221;center&#8221; max_width=&#8221;600px&#8221; module_alignment=&#8221;center&#8221; custom_margin=&#8221;40px|||&#8221; custom_margin_tablet=&#8221;0px|||&#8221; custom_margin_phone=&#8221;|||&#8221; custom_margin_last_edited=&#8221;on|phone&#8221;]<\/p>\n<h2>PRODUTOS EM DESTAQUE<\/h2>\n<p>A NOSSA MELHOR SELE\u00c7\u00c3O S\u00d3 PARA SI<\/p>\n<p>[\/et_pb_text][\/et_pb_column][\/et_pb_row][et_pb_row admin_label=&#8221;Products Row&#8221; _builder_version=&#8221;3.22.3&#8243;][et_pb_column type=&#8221;4_4&#8243; _builder_version=&#8221;3.0.47&#8243;][et_pb_shop type=&#8221;product_category&#8221; posts_number=&#8221;6&#8243; show_pagination=&#8221;on&#8221; include_categories=&#8221;41&#8243; columns_number=&#8221;3&#8243; icon_hover_color=&#8221;#000000&#8243; admin_label=&#8221;Products&#8221; _builder_version=&#8221;3.0.100&#8243; title_font=&#8221;Oswald|||on|||||&#8221; title_font_size=&#8221;16px&#8221; title_letter_spacing=&#8221;2px&#8221; title_line_height=&#8221;1.7em&#8221; price_font=&#8221;Open Sans|600|||||||&#8221; price_text_align=&#8221;center&#8221; price_line_height=&#8221;1.7em&#8221; text_orientation=&#8221;center&#8221;][\/et_pb_shop][\/et_pb_column][\/et_pb_row][\/et_pb_section][et_pb_section fb_built=&#8221;1&#8243; _builder_version=&#8221;3.24&#8243; use_background_color_gradient=&#8221;on&#8221; background_color_gradient_start=&#8221;#cd546f&#8221; background_color_gradient_end=&#8221;#9e3f50&#8243; background_color_gradient_type=&#8221;radial&#8221;][et_pb_row use_custom_gutter=&#8221;on&#8221; gutter_width=&#8221;2&#8243; custom_padding=&#8221;60px|40px|60px|40px&#8221; admin_label=&#8221;1 Offer Row&#8221; _builder_version=&#8221;3.24&#8243; use_background_color_gradient=&#8221;on&#8221; background_color_gradient_start=&#8221;#cd546f&#8221; background_color_gradient_end=&#8221;#9e3f50&#8243; background_color_gradient_type=&#8221;radial&#8221;][et_pb_column type=&#8221;1_2&#8243; _builder_version=&#8221;3.0.47&#8243;][et_pb_image src=&#8221;https:\/\/grafitejo.pt\/wp-content\/uploads\/2019\/06\/van.png&#8221; align_tablet=&#8221;center&#8221; align_last_edited=&#8221;on|desktop&#8221; _builder_version=&#8221;3.24&#8243; animation_style=&#8221;slide&#8221; animation_direction=&#8221;right&#8221; animation_intensity_slide=&#8221;10%&#8221;][\/et_pb_image][\/et_pb_column][et_pb_column type=&#8221;1_2&#8243; _builder_version=&#8221;3.0.47&#8243;][et_pb_cta title=&#8221;PROMO\u00c7\u00c3O &#8211; 25% DESCONTO&#8221; button_url=&#8221;#top&#8221; button_text=&#8221;Aproveitar&#8221; _builder_version=&#8221;3.24&#8243; header_font=&#8221;Oswald|||on|||||&#8221; header_font_size=&#8221;34px&#8221; header_letter_spacing=&#8221;3px&#8221; header_line_height=&#8221;1.4em&#8221; body_font=&#8221;Open Sans|600|||||||&#8221; body_font_size=&#8221;16px&#8221; use_background_color=&#8221;off&#8221; custom_button=&#8221;on&#8221; button_text_size=&#8221;14px&#8221; button_text_color=&#8221;#000000&#8243; button_bg_color=&#8221;#ffffff&#8221; button_border_width=&#8221;10px&#8221; button_border_color=&#8221;rgba(0,0,0,0)&#8221; button_border_radius=&#8221;30px&#8221; button_letter_spacing=&#8221;2px&#8221; button_font=&#8221;Open Sans|700||on|||||&#8221; button_use_icon=&#8221;off&#8221; text_orientation=&#8221;left&#8221; custom_margin=&#8221;60px|||&#8221; custom_margin_tablet=&#8221;0px|||&#8221; custom_margin_last_edited=&#8221;off|desktop&#8221; button_text_color_hover=&#8221;#ffffff&#8221; button_border_color_hover=&#8221;rgba(0,0,0,0)&#8221; button_border_radius_hover=&#8221;28px&#8221; button_letter_spacing_hover=&#8221;2px&#8221; button_bg_color_hover=&#8221;rgba(0,0,0,0.7)&#8221; button_text_size__hover_enabled=&#8221;off&#8221; button_one_text_size__hover_enabled=&#8221;off&#8221; button_two_text_size__hover_enabled=&#8221;off&#8221; button_text_color__hover_enabled=&#8221;on&#8221; button_text_color__hover=&#8221;#ffffff&#8221; button_one_text_color__hover_enabled=&#8221;off&#8221; button_two_text_color__hover_enabled=&#8221;off&#8221; button_border_width__hover_enabled=&#8221;off&#8221; button_one_border_width__hover_enabled=&#8221;off&#8221; button_two_border_width__hover_enabled=&#8221;off&#8221; button_border_color__hover_enabled=&#8221;on&#8221; button_border_color__hover=&#8221;rgba(0,0,0,0)&#8221; button_one_border_color__hover_enabled=&#8221;off&#8221; button_two_border_color__hover_enabled=&#8221;off&#8221; button_border_radius__hover_enabled=&#8221;on&#8221; button_border_radius__hover=&#8221;28px&#8221; button_one_border_radius__hover_enabled=&#8221;off&#8221; button_two_border_radius__hover_enabled=&#8221;off&#8221; button_letter_spacing__hover_enabled=&#8221;on&#8221; button_letter_spacing__hover=&#8221;2px&#8221; button_one_letter_spacing__hover_enabled=&#8221;off&#8221; button_two_letter_spacing__hover_enabled=&#8221;off&#8221; button_bg_color__hover_enabled=&#8221;on&#8221; button_bg_color__hover=&#8221;rgba(0,0,0,0.7)&#8221; button_one_bg_color__hover_enabled=&#8221;off&#8221; button_two_bg_color__hover_enabled=&#8221;off&#8221;]<\/p>\n<p>25% DE DESCONTO EM TODAS AS APLICA\u00c7\u00d5ES DE VINIL DECORATIVO.<\/p>\n<p>[\/et_pb_cta][\/et_pb_column][\/et_pb_row][\/et_pb_section]<\/p>\n","protected":false},"excerpt":{"rendered":"<p>[et_pb_section fb_built=&#8221;1&#8243; admin_label=&#8221;Products Section&#8221; _builder_version=&#8221;3.22.3&#8243; custom_padding=&#8221;120px|0px|120px|0px&#8221;][et_pb_row admin_label=&#8221;Contact Us Row&#8221; _builder_version=&#8221;3.22.3&#8243; locked=&#8221;off&#8221;][et_pb_column type=&#8221;4_4&#8243; _builder_version=&#8221;3.0.47&#8243;][et_pb_text _builder_version=&#8221;3.0.100&#8243; text_font=&#8221;Open Sans|600|||||||&#8221; text_font_size=&#8221;16px&#8221; text_line_height=&#8221;1.8em&#8221; header_font=&#8221;||||||||&#8221; header_2_font=&#8221;Oswald|||on|||||&#8221; header_2_font_size=&#8221;45px&#8221; header_2_letter_spacing=&#8221;3px&#8221; header_2_line_height=&#8221;1.4em&#8221; text_orientation=&#8221;center&#8221; max_width=&#8221;600px&#8221; module_alignment=&#8221;center&#8221; custom_margin=&#8221;40px|||&#8221; custom_margin_tablet=&#8221;0px|||&#8221; custom_margin_phone=&#8221;|||&#8221; custom_margin_last_edited=&#8221;on|phone&#8221;] PRODUTOS EM DESTAQUE A NOSSA MELHOR SELE\u00c7\u00c3O S\u00d3 PARA SI [\/et_pb_text][\/et_pb_column][\/et_pb_row][et_pb_row admin_label=&#8221;Products Row&#8221; _builder_version=&#8221;3.22.3&#8243;][et_pb_column type=&#8221;4_4&#8243; _builder_version=&#8221;3.0.47&#8243;][et_pb_shop type=&#8221;product_category&#8221; posts_number=&#8221;6&#8243; show_pagination=&#8221;on&#8221; include_categories=&#8221;41&#8243; columns_number=&#8221;3&#8243; icon_hover_color=&#8221;#000000&#8243; admin_label=&#8221;Products&#8221; _builder_version=&#8221;3.0.100&#8243; title_font=&#8221;Oswald|||on|||||&#8221; [&hellip;]<\/p>\n","protected":false},"author":1,"featured_media":0,"parent":0,"menu_order":0,"comment_status":"closed","ping_status":"closed","template":"","meta":{"_et_pb_use_builder":"on","_et_pb_old_content":"<!-- wp:divi\/placeholder \/-->","_et_gb_content_width":"","footnotes":""},"class_list":["post-714","page","type-page","status-publish","hentry"],"_links":{"self":[{"href":"https:\/\/grafitejo.pt\/index.php\/wp-json\/wp\/v2\/pages\/714","targetHints":{"allow":["GET"]}}],"collection":[{"href":"https:\/\/grafitejo.pt\/index.php\/wp-json\/wp\/v2\/pages"}],"about":[{"href":"https:\/\/grafitejo.pt\/index.php\/wp-json\/wp\/v2\/types\/page"}],"author":[{"embeddable":true,"href":"https:\/\/grafitejo.pt\/index.php\/wp-json\/wp\/v2\/users\/1"}],"replies":[{"embeddable":true,"href":"https:\/\/grafitejo.pt\/index.php\/wp-json\/wp\/v2\/comments?post=714"}],"version-history":[{"count":14,"href":"https:\/\/grafitejo.pt\/index.php\/wp-json\/wp\/v2\/pages\/714\/revisions"}],"predecessor-version":[{"id":1114,"href":"https:\/\/grafitejo.pt\/index.php\/wp-json\/wp\/v2\/pages\/714\/revisions\/1114"}],"wp:attachment":[{"href":"https:\/\/grafitejo.pt\/index.php\/wp-json\/wp\/v2\/media?parent=714"}],"curies":[{"name":"wp","href":"https:\/\/api.w.org\/{rel}","templated":true}]}}